{"id":115,"date":"2009-03-29T21:33:39","date_gmt":"2009-03-29T20:33:39","guid":{"rendered":"http:\/\/www.rifugioflaibanpacherini.it\/?page_id=115"},"modified":"2015-02-01T22:58:17","modified_gmt":"2015-02-01T21:58:17","slug":"vie-di-arrampicata","status":"publish","type":"page","link":"https:\/\/www.rifugioflaibanpacherini.it\/?page_id=115","title":{"rendered":"vie di arrampicata"},"content":{"rendered":"<h4 class=\"MsoNormal\" style=\"margin: 0cm 0cm 0pt; text-align: justify;\"><span style=\"font-size: 12pt; mso-bidi-font-size: 10.0pt;\"><span style=\"color: #993300;\"><img loading=\"lazy\" decoding=\"async\" class=\"alignnone size-medium wp-image-139\" title=\"in arrampicata\" src=\"https:\/\/www.rifugioflaibanpacherini.it\/wp-content\/uploads\/2009\/03\/29-199x300.jpg\" alt=\"in arrampicata\" width=\"199\" height=\"300\" srcset=\"https:\/\/www.rifugioflaibanpacherini.it\/wp-content\/uploads\/2009\/03\/29-199x300.jpg 199w, https:\/\/www.rifugioflaibanpacherini.it\/wp-content\/uploads\/2009\/03\/29-680x1024.jpg 680w\" sizes=\"auto, (max-width: 199px) 100vw, 199px\" \/><\/span><\/span><\/h4>\n<h4 class=\"MsoNormal\" style=\"margin: 0cm 0cm 0pt; text-align: justify;\"><\/h4>\n<h4 class=\"MsoNormal\" style=\"margin: 0cm 0cm 0pt; text-align: justify;\"><span style=\"font-size: 12pt; mso-bidi-font-size: 10.0pt;\"><span style=\"color: #993300;\">Dalle prime esplorazioni agli inizi del secolo ad opera dei \u201csoliti\u201d Von Glanvell, Von Saar e Domenigg, queste cime hanno visto aprire sulle loro rocce un numero piuttosto limitato di vie: la storia alpinistica passa per i precursori degli anni \u201930 come Del Torso e Coradazzi, e prosegue nel dopoguerra con Carpi, Macola, Antoniacomi e compagni, fino a Cozzolino e alle sparute apparizioni degli anni \u201970. Anche Comici ha qui lasciato il segno con un\u2019eccezionale scalata fino al 6\u00b0 grado, ancor oggi la via pi\u00f9 celebre della valle, sull\u2019ardito Torrione che porta il suo nome.<\/span><\/span><\/h4>\n<h4 class=\"MsoNormal\" style=\"margin: 0cm 0cm 0pt; text-align: justify;\"><span style=\"font-size: 12pt; mso-bidi-font-size: 10.0pt;\"><span style=\"color: #993300;\">Negli ultimi decenni del secolo scorso, mentre in giro per le Dolomiti si scatenava la caccia ad ogni metro libero di parete vincibile con ogni mezzo pi\u00f9 o meno leale, qui la ricerca si\u00a0era praticamente bloccata, lasciando torri e pilastri &#8211; se non addirittura intere pareti \u2013 ancora inviolate.<\/span><\/span><\/h4>\n<h4 class=\"MsoNormal\" style=\"margin: 0cm 0cm 0pt; text-align: justify;\"><span style=\"font-size: 12pt; mso-bidi-font-size: 10.0pt;\"><span style=\"color: #993300;\"><img loading=\"lazy\" decoding=\"async\" class=\"alignnone size-thumbnail wp-image-138\" title=\"Sergio Liessi\" src=\"https:\/\/www.rifugioflaibanpacherini.it\/wp-content\/uploads\/2009\/03\/liessitn-150x150.jpg\" alt=\"Sergio Liessi\" width=\"150\" height=\"150\" \/><\/span><\/span><\/h4>\n<h4 class=\"MsoNormal\" style=\"margin: 0cm 0cm 0pt; text-align: justify;\"><span style=\"font-size: 12pt; mso-bidi-font-size: 10.0pt;\"><span style=\"color: #993300;\">C&#8217;\u00e8 voluta la passione e la formidabile costanza di un alpinista di Villa Santina non pi\u00f9 ragazzino, Sergio Liessi, che dal 1999 in pochi anni ha aperto la bellezza di 35 vie solo in val di Suola, rendendo giustizia a queste pareti dalla falsa fama di friabilit\u00e0, magari minori rispetto alle Dolomiti pi\u00f9 celebri, di sicuro pi\u00f9 autentiche.<\/span><\/span><\/h4>\n<h4 class=\"MsoNormal\" style=\"margin: 0cm 0cm 0pt; text-align: justify;\"><span style=\"font-size: 12pt; mso-bidi-font-size: 10.0pt;\"><span style=\"color: #993300;\">Quasi tutte le vie proposte sono sue, accuratamente descritte tiro per tiro.<\/span><\/span><\/h4>\n<h4 class=\"MsoNormal\" style=\"margin: 0cm 0cm 0pt; text-align: justify;\"><\/h4>\n<h4 class=\"MsoNormal\" style=\"margin: 0cm 0cm 0pt; text-align: justify;\"><span style=\"font-size: 12pt; mso-bidi-font-size: 10.0pt;\"><span style=\"color: #800080;\">DI TUTTI GLI ITINERARI E&#8217; DISPONIBILE IN RIFUGIO COPIA DELLA RELAZIONE DETTAGLIATA\u00a0E\u00a0\u00a0ANCHE LO SCHIZZO DELLA VIA!<\/span><\/span><\/h4>\n<p>&nbsp;<\/p>\n<p><a href=\"https:\/\/www.rifugioflaibanpacherini.it\/?page_id=147\">Al Monte Pramaggiore<\/a><\/p>\n<p><a href=\"https:\/\/www.rifugioflaibanpacherini.it\/?page_id=145\">Alla Croda del Sion<\/a><\/p>\n<p><a href=\"https:\/\/www.rifugioflaibanpacherini.it\/?page_id=149\">Alla Cima di Forc. La Sidon<\/a><\/p>\n<p><a href=\"https:\/\/www.rifugioflaibanpacherini.it\/?page_id=142\">Alla Cima Val di Guerra<\/a><\/p>\n<p><a href=\"https:\/\/www.rifugioflaibanpacherini.it\/?page_id=153\">Al Torrione Comici e Pacherini<\/a><\/p>\n<p><a href=\"https:\/\/www.rifugioflaibanpacherini.it\/?page_id=156\">Alle Cime Fantuline e Punta Dria<\/a><\/p>\n","protected":false},"excerpt":{"rendered":"<p>Dalle prime esplorazioni agli inizi del secolo ad opera dei \u201csoliti\u201d Von Glanvell, Von Saar e Domenigg, queste cime hanno visto aprire sulle loro rocce un numero piuttosto limitato di vie: la storia alpinistica passa per i precursori degli anni \u201930 come Del Torso e Coradazzi, e prosegue nel dopoguerra con Carpi, Macola, Antoniacomi e &hellip; <a class=\"read-excerpt\" href=\"https:\/\/www.rifugioflaibanpacherini.it\/?page_id=115\">Continue reading <span class=\"meta-nav\">&raquo;<\/span><\/a><\/p>\n","protected":false},"author":1,"featured_media":0,"parent":90,"menu_order":4,"comment_status":"closed","ping_status":"closed","template":"","meta":{"ngg_post_thumbnail":0,"footnotes":""},"class_list":["post-115","page","type-page","status-publish","hentry"],"_links":{"self":[{"href":"https:\/\/www.rifugioflaibanpacherini.it\/index.php?rest_route=\/wp\/v2\/pages\/115","targetHints":{"allow":["GET"]}}],"collection":[{"href":"https:\/\/www.rifugioflaibanpacherini.it\/index.php?rest_route=\/wp\/v2\/pages"}],"about":[{"href":"https:\/\/www.rifugioflaibanpacherini.it\/index.php?rest_route=\/wp\/v2\/types\/page"}],"author":[{"embeddable":true,"href":"https:\/\/www.rifugioflaibanpacherini.it\/index.php?rest_route=\/wp\/v2\/users\/1"}],"replies":[{"embeddable":true,"href":"https:\/\/www.rifugioflaibanpacherini.it\/index.php?rest_route=%2Fwp%2Fv2%2Fcomments&post=115"}],"version-history":[{"count":9,"href":"https:\/\/www.rifugioflaibanpacherini.it\/index.php?rest_route=\/wp\/v2\/pages\/115\/revisions"}],"predecessor-version":[{"id":678,"href":"https:\/\/www.rifugioflaibanpacherini.it\/index.php?rest_route=\/wp\/v2\/pages\/115\/revisions\/678"}],"up":[{"embeddable":true,"href":"https:\/\/www.rifugioflaibanpacherini.it\/index.php?rest_route=\/wp\/v2\/pages\/90"}],"wp:attachment":[{"href":"https:\/\/www.rifugioflaibanpacherini.it\/index.php?rest_route=%2Fwp%2Fv2%2Fmedia&parent=115"}],"curies":[{"name":"wp","href":"https:\/\/api.w.org\/{rel}","templated":true}]}}