{"id":275,"date":"2010-12-12T18:36:41","date_gmt":"2010-12-12T17:36:41","guid":{"rendered":"http:\/\/www.rifugioflaibanpacherini.it\/?page_id=275"},"modified":"2026-01-01T21:44:03","modified_gmt":"2026-01-01T20:44:03","slug":"prezzi-e-sistemazione","status":"publish","type":"page","link":"https:\/\/www.rifugioflaibanpacherini.it\/?page_id=275","title":{"rendered":"Pernottamento"},"content":{"rendered":"<p>&nbsp;<\/p>\n<p><strong>Prezzo pernottamento: &nbsp; <span style=\"color: #993300;\">22 euro<\/span> &nbsp;(soci CAI)&nbsp;&nbsp;&nbsp; <\/strong><strong><span style=\"color: #993300;\">18 euro<\/span> (soci CAI under 25)&nbsp;&nbsp;&nbsp; <span style=\"color: #993300;\">32 euro&nbsp; <\/span>(non soci)<\/strong><\/p>\n<p><strong>Prezzo mezza pensione: <span style=\"color: #993300;\">50,50 euro<\/span>&nbsp; (soci CAI) &nbsp;&nbsp; <span style=\"color: #993300;\">44,50 euro<\/span> (soci CAI under 25) &nbsp;&nbsp; <span style=\"color: #993300;\">63 euro<\/span>&nbsp; (non soci, con sconto del 10% per chi nello stesso trekking pernotta in almeno 3 rifugi delle Dolomiti Friulane)<\/strong><\/p>\n<p>&nbsp;<\/p>\n<p>14 posti letto in camere da 4 e 6 posti in letti a castello.<\/p>\n<p><em>E&#8217; obbligatorio l&#8217;utilizzo del sacco lenzuolo con federa o del sacco a pelo. E&#8217; utile<\/em><em> avere con s\u00e9 anche ciabatte e asciugamano.<br \/>\n<\/em><\/p>\n<p>L&#8217;utilizzo della doccia non \u00e8 scontato ed \u00e8 soggetto alla disponibilit\u00e0 idrica del momento.<\/p>\n<p>Non \u00e8 presente il wi-fi.<\/p>\n<p>&nbsp;<\/p>\n<p><img loading=\"lazy\" decoding=\"async\" class=\"alignleft wp-image-1088 size-medium\" src=\"https:\/\/www.rifugioflaibanpacherini.it\/wp-content\/uploads\/2023\/10\/P9050023-300x225.jpg\" alt=\"\" width=\"300\" height=\"225\" srcset=\"https:\/\/www.rifugioflaibanpacherini.it\/wp-content\/uploads\/2023\/10\/P9050023-300x225.jpg 300w, https:\/\/www.rifugioflaibanpacherini.it\/wp-content\/uploads\/2023\/10\/P9050023-1024x768.jpg 1024w, https:\/\/www.rifugioflaibanpacherini.it\/wp-content\/uploads\/2023\/10\/P9050023-768x576.jpg 768w, https:\/\/www.rifugioflaibanpacherini.it\/wp-content\/uploads\/2023\/10\/P9050023-1536x1152.jpg 1536w, https:\/\/www.rifugioflaibanpacherini.it\/wp-content\/uploads\/2023\/10\/P9050023-2048x1536.jpg 2048w\" sizes=\"auto, (max-width: 300px) 100vw, 300px\" \/><\/p>\n<p><img loading=\"lazy\" decoding=\"async\" class=\"alignleft wp-image-1087 size-medium\" src=\"https:\/\/www.rifugioflaibanpacherini.it\/wp-content\/uploads\/2023\/10\/P9050022-300x225.jpg\" alt=\"\" width=\"300\" height=\"225\" srcset=\"https:\/\/www.rifugioflaibanpacherini.it\/wp-content\/uploads\/2023\/10\/P9050022-300x225.jpg 300w, https:\/\/www.rifugioflaibanpacherini.it\/wp-content\/uploads\/2023\/10\/P9050022-1024x768.jpg 1024w, https:\/\/www.rifugioflaibanpacherini.it\/wp-content\/uploads\/2023\/10\/P9050022-768x576.jpg 768w, https:\/\/www.rifugioflaibanpacherini.it\/wp-content\/uploads\/2023\/10\/P9050022-1536x1152.jpg 1536w, https:\/\/www.rifugioflaibanpacherini.it\/wp-content\/uploads\/2023\/10\/P9050022-2048x1536.jpg 2048w\" sizes=\"auto, (max-width: 300px) 100vw, 300px\" \/><\/p>\n<p><img loading=\"lazy\" decoding=\"async\" class=\"alignleft wp-image-1086 size-medium\" src=\"https:\/\/www.rifugioflaibanpacherini.it\/wp-content\/uploads\/2023\/10\/P9050019-300x225.jpg\" alt=\"\" width=\"300\" height=\"225\" srcset=\"https:\/\/www.rifugioflaibanpacherini.it\/wp-content\/uploads\/2023\/10\/P9050019-300x225.jpg 300w, https:\/\/www.rifugioflaibanpacherini.it\/wp-content\/uploads\/2023\/10\/P9050019-1024x768.jpg 1024w, https:\/\/www.rifugioflaibanpacherini.it\/wp-content\/uploads\/2023\/10\/P9050019-768x576.jpg 768w, https:\/\/www.rifugioflaibanpacherini.it\/wp-content\/uploads\/2023\/10\/P9050019-1536x1152.jpg 1536w, https:\/\/www.rifugioflaibanpacherini.it\/wp-content\/uploads\/2023\/10\/P9050019-2048x1536.jpg 2048w\" sizes=\"auto, (max-width: 300px) 100vw, 300px\" \/><\/p>\n<p><img loading=\"lazy\" decoding=\"async\" class=\"alignleft wp-image-1085 size-medium\" src=\"https:\/\/www.rifugioflaibanpacherini.it\/wp-content\/uploads\/2023\/10\/P9050018-300x225.jpg\" alt=\"\" width=\"300\" height=\"225\" srcset=\"https:\/\/www.rifugioflaibanpacherini.it\/wp-content\/uploads\/2023\/10\/P9050018-300x225.jpg 300w, https:\/\/www.rifugioflaibanpacherini.it\/wp-content\/uploads\/2023\/10\/P9050018-1024x768.jpg 1024w, https:\/\/www.rifugioflaibanpacherini.it\/wp-content\/uploads\/2023\/10\/P9050018-768x576.jpg 768w, https:\/\/www.rifugioflaibanpacherini.it\/wp-content\/uploads\/2023\/10\/P9050018-1536x1152.jpg 1536w, https:\/\/www.rifugioflaibanpacherini.it\/wp-content\/uploads\/2023\/10\/P9050018-2048x1536.jpg 2048w\" sizes=\"auto, (max-width: 300px) 100vw, 300px\" \/><\/p>\n<p>&nbsp;<\/p>\n<p>&nbsp;<\/p>\n","protected":false},"excerpt":{"rendered":"<p>&nbsp; Prezzo pernottamento: &nbsp; 22 euro &nbsp;(soci CAI)&nbsp;&nbsp;&nbsp; 18 euro (soci CAI under 25)&nbsp;&nbsp;&nbsp; 32 euro&nbsp; (non soci) Prezzo mezza pensione: 50,50 euro&nbsp; (soci CAI) &nbsp;&nbsp; 44,50 euro (soci CAI under 25) &nbsp;&nbsp; 63 euro&nbsp; (non soci, con sconto del 10% per chi nello stesso trekking pernotta in almeno 3 rifugi delle Dolomiti Friulane) &nbsp; &hellip; <a class=\"read-excerpt\" href=\"https:\/\/www.rifugioflaibanpacherini.it\/?page_id=275\">Continue reading <span class=\"meta-nav\">&raquo;<\/span><\/a><\/p>\n","protected":false},"author":1,"featured_media":0,"parent":0,"menu_order":3,"comment_status":"closed","ping_status":"closed","template":"","meta":{"ngg_post_thumbnail":0,"footnotes":""},"class_list":["post-275","page","type-page","status-publish","hentry"],"_links":{"self":[{"href":"https:\/\/www.rifugioflaibanpacherini.it\/index.php?rest_route=\/wp\/v2\/pages\/275","targetHints":{"allow":["GET"]}}],"collection":[{"href":"https:\/\/www.rifugioflaibanpacherini.it\/index.php?rest_route=\/wp\/v2\/pages"}],"about":[{"href":"https:\/\/www.rifugioflaibanpacherini.it\/index.php?rest_route=\/wp\/v2\/types\/page"}],"author":[{"embeddable":true,"href":"https:\/\/www.rifugioflaibanpacherini.it\/index.php?rest_route=\/wp\/v2\/users\/1"}],"replies":[{"embeddable":true,"href":"https:\/\/www.rifugioflaibanpacherini.it\/index.php?rest_route=%2Fwp%2Fv2%2Fcomments&post=275"}],"version-history":[{"count":54,"href":"https:\/\/www.rifugioflaibanpacherini.it\/index.php?rest_route=\/wp\/v2\/pages\/275\/revisions"}],"predecessor-version":[{"id":1146,"href":"https:\/\/www.rifugioflaibanpacherini.it\/index.php?rest_route=\/wp\/v2\/pages\/275\/revisions\/1146"}],"wp:attachment":[{"href":"https:\/\/www.rifugioflaibanpacherini.it\/index.php?rest_route=%2Fwp%2Fv2%2Fmedia&parent=275"}],"curies":[{"name":"wp","href":"https:\/\/api.w.org\/{rel}","templated":true}]}}