{"id":387,"date":"2011-12-11T12:44:17","date_gmt":"2011-12-11T11:44:17","guid":{"rendered":"http:\/\/www.rifugioflaibanpacherini.it\/?page_id=387"},"modified":"2015-06-08T21:38:42","modified_gmt":"2015-06-08T20:38:42","slug":"una-camminata-nei-dintorni","status":"publish","type":"page","link":"https:\/\/www.rifugioflaibanpacherini.it\/?page_id=387","title":{"rendered":"Una camminata nei dintorni"},"content":{"rendered":"<h3>Al Passo Suola e alla Cima del Rifugio<\/h3>\n<p><img loading=\"lazy\" decoding=\"async\" class=\"size-medium wp-image-388 alignright\" title=\"Alta val di Suola\" src=\"https:\/\/www.rifugioflaibanpacherini.it\/wp-content\/uploads\/2011\/12\/IGP0002-200x300.jpg\" alt=\"\" width=\"200\" height=\"300\" \/><\/p>\n<p style=\"text-align: justify;\">Per chi arriva al rifugio e vuole fare ancora una breve\u00a0 &#8220;sgambata&#8221; raccomandiamo di proseguire per ancora un&#8217;ora lungo la val di Suola fino all&#8217;omonimo passo a metri 1990, trovando un ambiente ancora diverso e di grande fascino in un anfiteatro prativo sotto ripide pareti dolomitiche, dove \u00e8 molto facile incontrare gli stambecchi e le marmotte.<\/p>\n<p style=\"text-align: justify;\">Dal Passo Suola c&#8217;\u00e8 la possibilit\u00e0 di raggiungere una cima panoramica e senza difficolt\u00e0 alpinistiche: dirigendosi verso nord per una bella cresta erbosa si raggiunge facilmente in 15 minuti una prima anticima. Proseguendo in discesa si supera un caratteristico intaglio, si traversa per tracce di sentiero sul versante est (di Rua) ed infine si sale per ripido prato alla <strong>quota 2100 della Cima del Rifugio<\/strong> (ore 0.30 complessive, ometti e paletti segnaletici facilitano l&#8217;orientamento). Splendido colpo d&#8217;occhio su tutte le cime della valle fino al Pramaggiore.<\/p>\n<p style=\"text-align: center;\"><img loading=\"lazy\" decoding=\"async\" class=\"aligncenter  wp-image-390\" title=\"Dalla Cima del Rifugio verso il Pramaggiore e la Croda del Sion\" src=\"https:\/\/www.rifugioflaibanpacherini.it\/wp-content\/uploads\/2011\/12\/IMGP1015-1024x685.jpg\" alt=\"\" width=\"620\" height=\"416\" srcset=\"https:\/\/www.rifugioflaibanpacherini.it\/wp-content\/uploads\/2011\/12\/IMGP1015-1024x685.jpg 1024w, https:\/\/www.rifugioflaibanpacherini.it\/wp-content\/uploads\/2011\/12\/IMGP1015-300x200.jpg 300w\" sizes=\"auto, (max-width: 620px) 100vw, 620px\" \/><\/p>\n","protected":false},"excerpt":{"rendered":"<p>Al Passo Suola e alla Cima del Rifugio Per chi arriva al rifugio e vuole fare ancora una breve\u00a0 &#8220;sgambata&#8221; raccomandiamo di proseguire per ancora un&#8217;ora lungo la val di Suola fino all&#8217;omonimo passo a metri 1990, trovando un ambiente ancora diverso e di grande fascino in un anfiteatro prativo sotto ripide pareti dolomitiche, dove &hellip; <a class=\"read-excerpt\" href=\"https:\/\/www.rifugioflaibanpacherini.it\/?page_id=387\">Continue reading <span class=\"meta-nav\">&raquo;<\/span><\/a><\/p>\n","protected":false},"author":1,"featured_media":0,"parent":90,"menu_order":1,"comment_status":"closed","ping_status":"closed","template":"","meta":{"ngg_post_thumbnail":0,"footnotes":""},"class_list":["post-387","page","type-page","status-publish","hentry"],"_links":{"self":[{"href":"https:\/\/www.rifugioflaibanpacherini.it\/index.php?rest_route=\/wp\/v2\/pages\/387","targetHints":{"allow":["GET"]}}],"collection":[{"href":"https:\/\/www.rifugioflaibanpacherini.it\/index.php?rest_route=\/wp\/v2\/pages"}],"about":[{"href":"https:\/\/www.rifugioflaibanpacherini.it\/index.php?rest_route=\/wp\/v2\/types\/page"}],"author":[{"embeddable":true,"href":"https:\/\/www.rifugioflaibanpacherini.it\/index.php?rest_route=\/wp\/v2\/users\/1"}],"replies":[{"embeddable":true,"href":"https:\/\/www.rifugioflaibanpacherini.it\/index.php?rest_route=%2Fwp%2Fv2%2Fcomments&post=387"}],"version-history":[{"count":11,"href":"https:\/\/www.rifugioflaibanpacherini.it\/index.php?rest_route=\/wp\/v2\/pages\/387\/revisions"}],"predecessor-version":[{"id":755,"href":"https:\/\/www.rifugioflaibanpacherini.it\/index.php?rest_route=\/wp\/v2\/pages\/387\/revisions\/755"}],"up":[{"embeddable":true,"href":"https:\/\/www.rifugioflaibanpacherini.it\/index.php?rest_route=\/wp\/v2\/pages\/90"}],"wp:attachment":[{"href":"https:\/\/www.rifugioflaibanpacherini.it\/index.php?rest_route=%2Fwp%2Fv2%2Fmedia&parent=387"}],"curies":[{"name":"wp","href":"https:\/\/api.w.org\/{rel}","templated":true}]}}