{"id":69,"date":"2009-03-21T19:15:26","date_gmt":"2009-03-21T18:15:26","guid":{"rendered":"http:\/\/www.rifugioflaibanpacherini.it\/?page_id=69"},"modified":"2024-04-20T13:35:57","modified_gmt":"2024-04-20T12:35:57","slug":"come-raggiungerci","status":"publish","type":"page","link":"https:\/\/www.rifugioflaibanpacherini.it\/?page_id=69","title":{"rendered":"Come arrivare"},"content":{"rendered":"<p><iframe loading=\"lazy\" src=\"https:\/\/maps.google.it\/maps?ie=UTF8&amp;cid=17743379344810966544&amp;q=Rifugio+Flaiban+-+Pacherini&amp;gl=IT&amp;hl=it&amp;t=h&amp;ll=46.408748,12.592049&amp;spn=0.106526,0.191917&amp;z=12&amp;iwloc=A&amp;output=embed\" width=\"560\" height=\"450\" frameborder=\"0\" marginwidth=\"0\" marginheight=\"0\" scrolling=\"no\"><\/iframe><br \/>\n<small><a style=\"color: #0000ff; text-align: left;\" href=\"https:\/\/maps.google.it\/maps?ie=UTF8&amp;cid=17743379344810966544&amp;q=Rifugio+Flaiban+-+Pacherini&amp;gl=IT&amp;hl=it&amp;t=h&amp;ll=46.408748,12.592049&amp;spn=0.106526,0.191917&amp;z=12&amp;iwloc=A&amp;source=embed\">Visualizzazione ingrandita della mappa<\/a><\/small><br \/>\n<strong><span style=\"color: #800000;\">In auto<\/span><\/strong><\/p>\n<p style=\"text-align: justify;\">La Carnia \u00e8 raggiungibile, via autostrada, attraverso la A23 Udine-Tarvisio, uscita Carnia (a 33 km da Udine Nord e&nbsp;a circa 60 Km da Tarvisio) oppure percorrendo la strada statale che da Udine porta a nord verso la Carnia. A 6 km dal casello&nbsp;c&#8217;\u00e8 Tolmezzo, centro amministrativo della Carnia, da cui si prosegue con la statale carnica che raggiunge Forni di Sopra&nbsp;in circa&nbsp;30 minuti.<\/p>\n<p style=\"text-align: justify;\">Dal Veneto&nbsp;\u00e8 possibile raggiungere Forni di Sopra dal Cadore attraverso il passo della Mauria (A27 uscita Pian di Vedoia).<\/p>\n<p style=\"text-align: justify;\"><strong><span style=\"color: #800000;\">In treno e pullman<\/span><\/strong><\/p>\n<p style=\"text-align: justify;\">La stazione ferroviaria pi\u00f9 vicina \u00e8 quella di Carnia, sulla linea Roma-Vienna; da qui o direttamente dalla citt\u00e0 di Udine si raggiunge Forni di Sopra con servizio di trasporto pubblico di pullman di linea via Tolmezzo con le autolinee Tpl Fvg (<a href=\"https:\/\/tplfvg.it\/it\/\" target=\"_blank\" rel=\"noopener\">visita il sito per gli orari aggiornati<\/a>).<\/p>\n<p style=\"text-align: justify;\">Da Venezia in treno si pu\u00f2 raggiungere Calalzo di Cadore e da qui con servizio di pullman per il passo della Mauria si perviene a Forni di Sopra.<\/p>\n<p style=\"text-align: justify;\"><strong><span style=\"color: #800000;\">Al rifugio &#8211; segnavia CAI n. 362<\/span><\/strong><\/p>\n<p style=\"text-align: justify;\">Dal centro principale di Forni di Sopra (borgata Vico) si scende al ponte sul fiume Tagliamento da dove, nei pressi del centro sportivo (881 m, parcheggio, tabella segnaletica), parte una strada forestale chiusa al traffico che costeggia gli impianti da sci e raggiunge in 20 minuti la localit\u00e0 Palas (slargo con tavoli). Qui arriva anche il sentiero diretto che si prende dalla frazione di Andrazza: sotto la borgata si parcheggia nei pressi del Tagliamento, si attraversa il fiume sul ponte stradale e presso la centrale idroelettrica si imbocca il sentiero sulla destra (837 m, indicazioni).<\/p>\n<p style=\"text-align: justify;\">Una mulattiera risale dolcemente il bosco e poi su terreno aperto e ghiaioso senza alcuna difficolt\u00e0 lungo la val di Suola raggiunge il Rifugio a 1587 metri (ore 2 complessive).<\/p>\n","protected":false},"excerpt":{"rendered":"<p>Visualizzazione ingrandita della mappa In auto La Carnia \u00e8 raggiungibile, via autostrada, attraverso la A23 Udine-Tarvisio, uscita Carnia (a 33 km da Udine Nord e&nbsp;a circa 60 Km da Tarvisio) oppure percorrendo la strada statale che da Udine porta a nord verso la Carnia. A 6 km dal casello&nbsp;c&#8217;\u00e8 Tolmezzo, centro amministrativo della Carnia, da &hellip; <a class=\"read-excerpt\" href=\"https:\/\/www.rifugioflaibanpacherini.it\/?page_id=69\">Continue reading <span class=\"meta-nav\">&raquo;<\/span><\/a><\/p>\n","protected":false},"author":1,"featured_media":0,"parent":0,"menu_order":2,"comment_status":"closed","ping_status":"closed","template":"","meta":{"ngg_post_thumbnail":0,"footnotes":""},"class_list":["post-69","page","type-page","status-publish","hentry"],"_links":{"self":[{"href":"https:\/\/www.rifugioflaibanpacherini.it\/index.php?rest_route=\/wp\/v2\/pages\/69","targetHints":{"allow":["GET"]}}],"collection":[{"href":"https:\/\/www.rifugioflaibanpacherini.it\/index.php?rest_route=\/wp\/v2\/pages"}],"about":[{"href":"https:\/\/www.rifugioflaibanpacherini.it\/index.php?rest_route=\/wp\/v2\/types\/page"}],"author":[{"embeddable":true,"href":"https:\/\/www.rifugioflaibanpacherini.it\/index.php?rest_route=\/wp\/v2\/users\/1"}],"replies":[{"embeddable":true,"href":"https:\/\/www.rifugioflaibanpacherini.it\/index.php?rest_route=%2Fwp%2Fv2%2Fcomments&post=69"}],"version-history":[{"count":22,"href":"https:\/\/www.rifugioflaibanpacherini.it\/index.php?rest_route=\/wp\/v2\/pages\/69\/revisions"}],"predecessor-version":[{"id":1111,"href":"https:\/\/www.rifugioflaibanpacherini.it\/index.php?rest_route=\/wp\/v2\/pages\/69\/revisions\/1111"}],"wp:attachment":[{"href":"https:\/\/www.rifugioflaibanpacherini.it\/index.php?rest_route=%2Fwp%2Fv2%2Fmedia&parent=69"}],"curies":[{"name":"wp","href":"https:\/\/api.w.org\/{rel}","templated":true}]}}